{"id":96,"date":"2025-07-04T17:23:36","date_gmt":"2025-07-04T15:23:36","guid":{"rendered":"https:\/\/vincianelacroix.net\/portfolio\/?page_id=96"},"modified":"2026-01-31T18:41:56","modified_gmt":"2026-01-31T17:41:56","slug":"arts-graphiques","status":"publish","type":"page","link":"https:\/\/vincianelacroix.net\/portfolio\/fr\/arts-graphiques\/","title":{"rendered":"Arts graphiques"},"content":{"rendered":"\n<p>Sur cette page, j&rsquo;ai extrait un travail repr\u00e9sentatif dans les techniques suivantes : <a href=\"https:\/\/vincianelacroix.net\/portfolio\/fr\/encre\/\" data-type=\"page\" data-id=\"462\">encre<\/a>, esquisses et linogravure. Explorez leurs galeries respectives.<\/p>\n\n\n\n<h3 class=\"wp-block-heading\"><a href=\"https:\/\/vincianelacroix.net\/portfolio\/fr\/encre\/\" data-type=\"page\" data-id=\"462\">Encre<\/a><\/h3>\n\n\n\n<p>J&rsquo;ai red\u00e9couvert l&rsquo;encre de chine en 2019, quand j&rsquo;ai utilis\u00e9 un liquide de masquage pour prot\u00e9ger des zones que l&rsquo;on veut garder blanches. Visitez la galerie<a href=\"https:\/\/vincianelacroix.net\/portfolio\/fr\/encre\/\" data-type=\"page\" data-id=\"462\"> ici.<\/a><\/p>\n\n\n\n<figure class=\"wp-block-image aligncenter size-large\"><a href=\"https:\/\/vincianelacroix.net\/portfolio\/wp-content\/uploads\/2025\/07\/IMG_2239.webp\"><img loading=\"lazy\" decoding=\"async\" width=\"1024\" height=\"741\" src=\"https:\/\/vincianelacroix.net\/portfolio\/wp-content\/uploads\/2025\/07\/IMG_2239-1024x741.webp\" alt=\"\" class=\"wp-image-458\" srcset=\"https:\/\/vincianelacroix.net\/portfolio\/wp-content\/uploads\/2025\/07\/IMG_2239-1024x741.webp 1024w, https:\/\/vincianelacroix.net\/portfolio\/wp-content\/uploads\/2025\/07\/IMG_2239-300x217.webp 300w, https:\/\/vincianelacroix.net\/portfolio\/wp-content\/uploads\/2025\/07\/IMG_2239-768x556.webp 768w, https:\/\/vincianelacroix.net\/portfolio\/wp-content\/uploads\/2025\/07\/IMG_2239.webp 1200w\" sizes=\"auto, (max-width: 1024px) 100vw, 1024px\" \/><\/a><figcaption class=\"wp-element-caption\">Paysage, encre de chine, 2019 \u00a9 Vinciane Lacroix<\/figcaption><\/figure>\n\n\n\n<h3 class=\"wp-block-heading\"><a href=\"https:\/\/vincianelacroix.net\/portfolio\/fr\/croquis\/\" data-type=\"link\" data-id=\"https:\/\/vincianelacroix.net\/portfolio\/fr\/croquis\/\">Croquis<\/a><\/h3>\n\n\n\n<p>J&rsquo;ai toujours ador\u00e9 croquer ce que j&rsquo;avais sous les yeux, ou m&rsquo;inspirer d&rsquo;une photo, la mienne ou celle d&rsquo;un magazine, en particulier <a href=\"https:\/\/www.vincianelacroix.net\/blog\/2020\/04\/22\/art-couleur-et-voyages\/\" data-type=\"link\" data-id=\"https:\/\/www.vincianelacroix.net\/blog\/2020\/04\/22\/art-couleur-et-voyages\/\">en voyage<\/a>. Le dessin ci-dessous a \u00e9t\u00e9 r\u00e9alis\u00e9 en 1979, lors d&rsquo;un voyage au S\u00e9n\u00e9gal. J&rsquo;ai \u00e9volu\u00e9 dans ma technique entre-temps, constatez-le<a href=\"https:\/\/vincianelacroix.net\/portfolio\/fr\/croquis\/\" data-type=\"link\" data-id=\"https:\/\/vincianelacroix.net\/portfolio\/fr\/croquis\/\"> ici.<\/a><\/p>\n\n\n\n<figure class=\"wp-block-image aligncenter size-large\"><a href=\"https:\/\/vincianelacroix.net\/portfolio\/wp-content\/uploads\/2025\/07\/croquisSenegal.webp\"><img loading=\"lazy\" decoding=\"async\" width=\"1024\" height=\"624\" src=\"https:\/\/vincianelacroix.net\/portfolio\/wp-content\/uploads\/2025\/07\/croquisSenegal-1024x624.webp\" alt=\"\" class=\"wp-image-481\" srcset=\"https:\/\/vincianelacroix.net\/portfolio\/wp-content\/uploads\/2025\/07\/croquisSenegal-1024x624.webp 1024w, https:\/\/vincianelacroix.net\/portfolio\/wp-content\/uploads\/2025\/07\/croquisSenegal-300x183.webp 300w, https:\/\/vincianelacroix.net\/portfolio\/wp-content\/uploads\/2025\/07\/croquisSenegal-768x468.webp 768w, https:\/\/vincianelacroix.net\/portfolio\/wp-content\/uploads\/2025\/07\/croquisSenegal.webp 1200w\" sizes=\"auto, (max-width: 1024px) 100vw, 1024px\" \/><\/a><figcaption class=\"wp-element-caption\">Croquis, S\u00e9n\u00e9gal, 1979 \u00a9 Vinciane Lacroix<\/figcaption><\/figure>\n\n\n\n<h3 class=\"wp-block-heading\"><a href=\"https:\/\/vincianelacroix.net\/portfolio\/fr\/linogravure\/\" data-type=\"link\" data-id=\"https:\/\/vincianelacroix.net\/portfolio\/fr\/linogravure\/\">Linogravure<\/a><\/h3>\n\n\n\n<p>Quand j&rsquo;ai d\u00e9couvert les linogravures de <a href=\"https:\/\/www.louisjoos.com\/\" data-type=\"link\" data-id=\"https:\/\/www.louisjoos.com\/\">Louis Joos<\/a>,  j&rsquo;ai pens\u00e9 qu&rsquo;apprendre cette technique m&rsquo;aiderait \u00e0 mieux distribuer les ombres, une difficult\u00e9 que j&rsquo;\u00e9prouvais dans mes coquis. Et j&rsquo;ai ador\u00e9 cette technique.<\/p>\n\n\n\n<p>D\u00e9couvrez ces gravures <a href=\"https:\/\/vincianelacroix.net\/portfolio\/fr\/linogravure\/\" data-type=\"page\" data-id=\"516\">ici<\/a>.<\/p>\n\n\n\n<figure data-wp-context=\"{&quot;imageId&quot;:&quot;69f2b0e2edf1a&quot;}\" data-wp-interactive=\"core\/image\" data-wp-key=\"69f2b0e2edf1a\" class=\"wp-block-image aligncenter size-full wp-lightbox-container\"><img loading=\"lazy\" decoding=\"async\" width=\"960\" height=\"670\" data-wp-class--hide=\"state.isContentHidden\" data-wp-class--show=\"state.isContentVisible\" data-wp-init=\"callbacks.setButtonStyles\" data-wp-on--click=\"actions.showLightbox\" data-wp-on--load=\"callbacks.setButtonStyles\" data-wp-on-window--resize=\"callbacks.setButtonStyles\" src=\"https:\/\/vincianelacroix.net\/portfolio\/wp-content\/uploads\/2025\/07\/IMG_0867.webp\" alt=\"\" class=\"wp-image-492\" srcset=\"https:\/\/vincianelacroix.net\/portfolio\/wp-content\/uploads\/2025\/07\/IMG_0867.webp 960w, https:\/\/vincianelacroix.net\/portfolio\/wp-content\/uploads\/2025\/07\/IMG_0867-300x209.webp 300w, https:\/\/vincianelacroix.net\/portfolio\/wp-content\/uploads\/2025\/07\/IMG_0867-768x536.webp 768w\" sizes=\"auto, (max-width: 960px) 100vw, 960px\" \/><button\n\t\t\tclass=\"lightbox-trigger\"\n\t\t\ttype=\"button\"\n\t\t\taria-haspopup=\"dialog\"\n\t\t\taria-label=\"Agrandir\"\n\t\t\tdata-wp-init=\"callbacks.initTriggerButton\"\n\t\t\tdata-wp-on--click=\"actions.showLightbox\"\n\t\t\tdata-wp-style--right=\"state.imageButtonRight\"\n\t\t\tdata-wp-style--top=\"state.imageButtonTop\"\n\t\t>\n\t\t\t<svg xmlns=\"http:\/\/www.w3.org\/2000\/svg\" width=\"12\" height=\"12\" fill=\"none\" viewBox=\"0 0 12 12\">\n\t\t\t\t<path fill=\"#fff\" d=\"M2 0a2 2 0 0 0-2 2v2h1.5V2a.5.5 0 0 1 .5-.5h2V0H2Zm2 10.5H2a.5.5 0 0 1-.5-.5V8H0v2a2 2 0 0 0 2 2h2v-1.5ZM8 12v-1.5h2a.5.5 0 0 0 .5-.5V8H12v2a2 2 0 0 1-2 2H8Zm2-12a2 2 0 0 1 2 2v2h-1.5V2a.5.5 0 0 0-.5-.5H8V0h2Z\" \/>\n\t\t\t<\/svg>\n\t\t<\/button><figcaption class=\"wp-element-caption\">Chaises d&rsquo;\u00e9t\u00e9 2004 \u00a9 Vinciane Lacroix<\/figcaption><\/figure>\n\n\n\n<p><\/p>\n","protected":false},"excerpt":{"rendered":"<p>Sur cette page, j&rsquo;ai extrait un travail repr\u00e9sentatif dans les techniques suivantes : encre, esquisses et linogravure. Explorez leurs galeries [&hellip;]<\/p>\n","protected":false},"author":1,"featured_media":0,"parent":0,"menu_order":0,"comment_status":"closed","ping_status":"closed","template":"","meta":{"site-sidebar-layout":"default","site-content-layout":"","ast-site-content-layout":"default","site-content-style":"default","site-sidebar-style":"default","ast-global-header-display":"","ast-banner-title-visibility":"","ast-main-header-display":"","ast-hfb-above-header-display":"","ast-hfb-below-header-display":"","ast-hfb-mobile-header-display":"","site-post-title":"","ast-breadcrumbs-content":"","ast-featured-img":"","footer-sml-layout":"","ast-disable-related-posts":"","theme-transparent-header-meta":"","adv-header-id-meta":"","stick-header-meta":"","header-above-stick-meta":"","header-main-stick-meta":"","header-below-stick-meta":"","astra-migrate-meta-layouts":"default","ast-page-background-enabled":"default","ast-page-background-meta":{"desktop":{"background-color":"var(--ast-global-color-5)","background-image":"","background-repeat":"repeat","background-position":"center center","background-size":"auto","background-attachment":"scroll","background-type":"","background-media":"","overlay-type":"","overlay-color":"","overlay-opacity":"","overlay-gradient":""},"tablet":{"background-color":"","background-image":"","background-repeat":"repeat","background-position":"center center","background-size":"auto","background-attachment":"scroll","background-type":"","background-media":"","overlay-type":"","overlay-color":"","overlay-opacity":"","overlay-gradient":""},"mobile":{"background-color":"","background-image":"","background-repeat":"repeat","background-position":"center center","background-size":"auto","background-attachment":"scroll","background-type":"","background-media":"","overlay-type":"","overlay-color":"","overlay-opacity":"","overlay-gradient":""}},"ast-content-background-meta":{"desktop":{"background-color":"var(--ast-global-color-4)","background-image":"","background-repeat":"repeat","background-position":"center center","background-size":"auto","background-attachment":"scroll","background-type":"","background-media":"","overlay-type":"","overlay-color":"","overlay-opacity":"","overlay-gradient":""},"tablet":{"background-color":"var(--ast-global-color-4)","background-image":"","background-repeat":"repeat","background-position":"center center","background-size":"auto","background-attachment":"scroll","background-type":"","background-media":"","overlay-type":"","overlay-color":"","overlay-opacity":"","overlay-gradient":""},"mobile":{"background-color":"var(--ast-global-color-4)","background-image":"","background-repeat":"repeat","background-position":"center center","background-size":"auto","background-attachment":"scroll","background-type":"","background-media":"","overlay-type":"","overlay-color":"","overlay-opacity":"","overlay-gradient":""}},"footnotes":""},"class_list":["post-96","page","type-page","status-publish","hentry"],"_links":{"self":[{"href":"https:\/\/vincianelacroix.net\/portfolio\/wp-json\/wp\/v2\/pages\/96","targetHints":{"allow":["GET"]}}],"collection":[{"href":"https:\/\/vincianelacroix.net\/portfolio\/wp-json\/wp\/v2\/pages"}],"about":[{"href":"https:\/\/vincianelacroix.net\/portfolio\/wp-json\/wp\/v2\/types\/page"}],"author":[{"embeddable":true,"href":"https:\/\/vincianelacroix.net\/portfolio\/wp-json\/wp\/v2\/users\/1"}],"replies":[{"embeddable":true,"href":"https:\/\/vincianelacroix.net\/portfolio\/wp-json\/wp\/v2\/comments?post=96"}],"version-history":[{"count":13,"href":"https:\/\/vincianelacroix.net\/portfolio\/wp-json\/wp\/v2\/pages\/96\/revisions"}],"predecessor-version":[{"id":903,"href":"https:\/\/vincianelacroix.net\/portfolio\/wp-json\/wp\/v2\/pages\/96\/revisions\/903"}],"wp:attachment":[{"href":"https:\/\/vincianelacroix.net\/portfolio\/wp-json\/wp\/v2\/media?parent=96"}],"curies":[{"name":"wp","href":"https:\/\/api.w.org\/{rel}","templated":true}]}}