{"id":88,"date":"2025-07-04T17:18:37","date_gmt":"2025-07-04T15:18:37","guid":{"rendered":"https:\/\/vincianelacroix.net\/portfolio\/?page_id=88"},"modified":"2025-07-10T09:18:58","modified_gmt":"2025-07-10T07:18:58","slug":"peinture","status":"publish","type":"page","link":"https:\/\/vincianelacroix.net\/portfolio\/fr\/peinture\/","title":{"rendered":"Peinture"},"content":{"rendered":"\n<h4 class=\"wp-block-heading\">Acrylique<\/h4>\n\n\n\n<p>Voici quelques peintures \u00e0 l&rsquo;acrylique r\u00e9alis\u00e9es en 2007-2008. Cliquez sur l&rsquo;image pour la voir enti\u00e8rement.<\/p>\n\n\n\n<figure class=\"wp-block-gallery has-nested-images columns-default is-cropped wp-block-gallery-1 is-layout-flex wp-block-gallery-is-layout-flex\">\n<figure class=\"wp-block-image size-large\"><a href=\"https:\/\/vincianelacroix.net\/portfolio\/wp-content\/uploads\/2025\/07\/2016_03-34B.webp\"><img loading=\"lazy\" decoding=\"async\" width=\"1024\" height=\"950\" data-id=\"343\" src=\"https:\/\/vincianelacroix.net\/portfolio\/wp-content\/uploads\/2025\/07\/2016_03-34B-1024x950.webp\" alt=\"\" class=\"wp-image-343\" srcset=\"https:\/\/vincianelacroix.net\/portfolio\/wp-content\/uploads\/2025\/07\/2016_03-34B-1024x950.webp 1024w, https:\/\/vincianelacroix.net\/portfolio\/wp-content\/uploads\/2025\/07\/2016_03-34B-300x278.webp 300w, https:\/\/vincianelacroix.net\/portfolio\/wp-content\/uploads\/2025\/07\/2016_03-34B-768x712.webp 768w, https:\/\/vincianelacroix.net\/portfolio\/wp-content\/uploads\/2025\/07\/2016_03-34B.webp 1200w\" sizes=\"auto, (max-width: 1024px) 100vw, 1024px\" \/><\/a><\/figure>\n\n\n\n<figure class=\"wp-block-image size-large\"><a href=\"https:\/\/vincianelacroix.net\/portfolio\/wp-content\/uploads\/2025\/07\/peinture5bis.webp\"><img loading=\"lazy\" decoding=\"async\" width=\"797\" height=\"1024\" data-id=\"346\" src=\"https:\/\/vincianelacroix.net\/portfolio\/wp-content\/uploads\/2025\/07\/peinture5bis-797x1024.webp\" alt=\"\" class=\"wp-image-346\" srcset=\"https:\/\/vincianelacroix.net\/portfolio\/wp-content\/uploads\/2025\/07\/peinture5bis-797x1024.webp 797w, https:\/\/vincianelacroix.net\/portfolio\/wp-content\/uploads\/2025\/07\/peinture5bis-233x300.webp 233w, https:\/\/vincianelacroix.net\/portfolio\/wp-content\/uploads\/2025\/07\/peinture5bis-768x987.webp 768w, https:\/\/vincianelacroix.net\/portfolio\/wp-content\/uploads\/2025\/07\/peinture5bis-1195x1536.webp 1195w, https:\/\/vincianelacroix.net\/portfolio\/wp-content\/uploads\/2025\/07\/peinture5bis.webp 1200w\" sizes=\"auto, (max-width: 797px) 100vw, 797px\" \/><\/a><\/figure>\n\n\n\n<figure class=\"wp-block-image size-large\"><a href=\"https:\/\/vincianelacroix.net\/portfolio\/wp-content\/uploads\/2025\/07\/AcryliquePeinture.webp\"><img loading=\"lazy\" decoding=\"async\" width=\"1024\" height=\"486\" data-id=\"344\" src=\"https:\/\/vincianelacroix.net\/portfolio\/wp-content\/uploads\/2025\/07\/AcryliquePeinture-1024x486.webp\" alt=\"\" class=\"wp-image-344\" srcset=\"https:\/\/vincianelacroix.net\/portfolio\/wp-content\/uploads\/2025\/07\/AcryliquePeinture-1024x486.webp 1024w, https:\/\/vincianelacroix.net\/portfolio\/wp-content\/uploads\/2025\/07\/AcryliquePeinture-300x142.webp 300w, https:\/\/vincianelacroix.net\/portfolio\/wp-content\/uploads\/2025\/07\/AcryliquePeinture-768x364.webp 768w, https:\/\/vincianelacroix.net\/portfolio\/wp-content\/uploads\/2025\/07\/AcryliquePeinture.webp 1200w\" sizes=\"auto, (max-width: 1024px) 100vw, 1024px\" \/><\/a><\/figure>\n\n\n\n<figure class=\"wp-block-image size-large\"><a href=\"https:\/\/vincianelacroix.net\/portfolio\/wp-content\/uploads\/2025\/07\/2016_03-04B.webp\"><img loading=\"lazy\" decoding=\"async\" width=\"697\" height=\"1024\" data-id=\"337\" src=\"https:\/\/vincianelacroix.net\/portfolio\/wp-content\/uploads\/2025\/07\/2016_03-04B-697x1024.webp\" alt=\"\" class=\"wp-image-337\" srcset=\"https:\/\/vincianelacroix.net\/portfolio\/wp-content\/uploads\/2025\/07\/2016_03-04B-697x1024.webp 697w, https:\/\/vincianelacroix.net\/portfolio\/wp-content\/uploads\/2025\/07\/2016_03-04B-204x300.webp 204w, https:\/\/vincianelacroix.net\/portfolio\/wp-content\/uploads\/2025\/07\/2016_03-04B-768x1128.webp 768w, https:\/\/vincianelacroix.net\/portfolio\/wp-content\/uploads\/2025\/07\/2016_03-04B-1046x1536.webp 1046w, https:\/\/vincianelacroix.net\/portfolio\/wp-content\/uploads\/2025\/07\/2016_03-04B.webp 1200w\" sizes=\"auto, (max-width: 697px) 100vw, 697px\" \/><\/a><\/figure>\n\n\n\n<figure class=\"wp-block-image size-large\"><a href=\"https:\/\/vincianelacroix.net\/portfolio\/wp-content\/uploads\/2025\/07\/2016_03-12B.webp\"><img loading=\"lazy\" decoding=\"async\" width=\"714\" height=\"1024\" data-id=\"341\" src=\"https:\/\/vincianelacroix.net\/portfolio\/wp-content\/uploads\/2025\/07\/2016_03-12B-714x1024.webp\" alt=\"\" class=\"wp-image-341\" srcset=\"https:\/\/vincianelacroix.net\/portfolio\/wp-content\/uploads\/2025\/07\/2016_03-12B-714x1024.webp 714w, https:\/\/vincianelacroix.net\/portfolio\/wp-content\/uploads\/2025\/07\/2016_03-12B-209x300.webp 209w, https:\/\/vincianelacroix.net\/portfolio\/wp-content\/uploads\/2025\/07\/2016_03-12B-768x1101.webp 768w, https:\/\/vincianelacroix.net\/portfolio\/wp-content\/uploads\/2025\/07\/2016_03-12B-1071x1536.webp 1071w, https:\/\/vincianelacroix.net\/portfolio\/wp-content\/uploads\/2025\/07\/2016_03-12B.webp 1200w\" sizes=\"auto, (max-width: 714px) 100vw, 714px\" \/><\/a><\/figure>\n\n\n\n<figure class=\"wp-block-image size-large\"><a href=\"https:\/\/vincianelacroix.net\/portfolio\/wp-content\/uploads\/2025\/07\/2016_03-06.webp\"><img loading=\"lazy\" decoding=\"async\" width=\"1000\" height=\"1024\" data-id=\"338\" src=\"https:\/\/vincianelacroix.net\/portfolio\/wp-content\/uploads\/2025\/07\/2016_03-06-1000x1024.webp\" alt=\"\" class=\"wp-image-338\" srcset=\"https:\/\/vincianelacroix.net\/portfolio\/wp-content\/uploads\/2025\/07\/2016_03-06-1000x1024.webp 1000w, https:\/\/vincianelacroix.net\/portfolio\/wp-content\/uploads\/2025\/07\/2016_03-06-293x300.webp 293w, https:\/\/vincianelacroix.net\/portfolio\/wp-content\/uploads\/2025\/07\/2016_03-06-768x787.webp 768w, https:\/\/vincianelacroix.net\/portfolio\/wp-content\/uploads\/2025\/07\/2016_03-06.webp 1200w\" sizes=\"auto, (max-width: 1000px) 100vw, 1000px\" \/><\/a><\/figure>\n\n\n\n<figure class=\"wp-block-image size-large\"><a href=\"https:\/\/vincianelacroix.net\/portfolio\/wp-content\/uploads\/2025\/07\/2016_03-09.webp\"><img loading=\"lazy\" decoding=\"async\" width=\"988\" height=\"1024\" data-id=\"339\" src=\"https:\/\/vincianelacroix.net\/portfolio\/wp-content\/uploads\/2025\/07\/2016_03-09-988x1024.webp\" alt=\"\" class=\"wp-image-339\" srcset=\"https:\/\/vincianelacroix.net\/portfolio\/wp-content\/uploads\/2025\/07\/2016_03-09-988x1024.webp 988w, https:\/\/vincianelacroix.net\/portfolio\/wp-content\/uploads\/2025\/07\/2016_03-09-289x300.webp 289w, https:\/\/vincianelacroix.net\/portfolio\/wp-content\/uploads\/2025\/07\/2016_03-09-768x796.webp 768w, https:\/\/vincianelacroix.net\/portfolio\/wp-content\/uploads\/2025\/07\/2016_03-09.webp 1200w\" sizes=\"auto, (max-width: 988px) 100vw, 988px\" \/><\/a><\/figure>\n\n\n\n<figure class=\"wp-block-image size-large\"><a href=\"https:\/\/vincianelacroix.net\/portfolio\/wp-content\/uploads\/2025\/07\/2016_03-36B.webp\"><img loading=\"lazy\" decoding=\"async\" width=\"1006\" height=\"1024\" data-id=\"359\" src=\"https:\/\/vincianelacroix.net\/portfolio\/wp-content\/uploads\/2025\/07\/2016_03-36B-1006x1024.webp\" alt=\"\" class=\"wp-image-359\" srcset=\"https:\/\/vincianelacroix.net\/portfolio\/wp-content\/uploads\/2025\/07\/2016_03-36B-1006x1024.webp 1006w, https:\/\/vincianelacroix.net\/portfolio\/wp-content\/uploads\/2025\/07\/2016_03-36B-295x300.webp 295w, https:\/\/vincianelacroix.net\/portfolio\/wp-content\/uploads\/2025\/07\/2016_03-36B-768x781.webp 768w, https:\/\/vincianelacroix.net\/portfolio\/wp-content\/uploads\/2025\/07\/2016_03-36B.webp 1200w\" sizes=\"auto, (max-width: 1006px) 100vw, 1006px\" \/><\/a><\/figure>\n\n\n\n<figure class=\"wp-block-image size-large\"><a href=\"https:\/\/vincianelacroix.net\/portfolio\/wp-content\/uploads\/2025\/07\/2016_03-01B.webp\"><img loading=\"lazy\" decoding=\"async\" width=\"995\" height=\"1024\" data-id=\"336\" src=\"https:\/\/vincianelacroix.net\/portfolio\/wp-content\/uploads\/2025\/07\/2016_03-01B-995x1024.webp\" alt=\"\" class=\"wp-image-336\" srcset=\"https:\/\/vincianelacroix.net\/portfolio\/wp-content\/uploads\/2025\/07\/2016_03-01B-995x1024.webp 995w, https:\/\/vincianelacroix.net\/portfolio\/wp-content\/uploads\/2025\/07\/2016_03-01B-291x300.webp 291w, https:\/\/vincianelacroix.net\/portfolio\/wp-content\/uploads\/2025\/07\/2016_03-01B-768x790.webp 768w, https:\/\/vincianelacroix.net\/portfolio\/wp-content\/uploads\/2025\/07\/2016_03-01B.webp 1200w\" sizes=\"auto, (max-width: 995px) 100vw, 995px\" \/><\/a><\/figure>\n<figcaption class=\"blocks-gallery-caption wp-element-caption\">Paysages abstraits \u00e0 l&rsquo;acrylique, 2007-2008 \u00a9Vinciane Lacroix<\/figcaption><\/figure>\n\n\n\n<p>En 2008 j&rsquo;ai \u00e9galement con\u00e7u cette technique sp\u00e9ciale de peinture \u00e0 acrylique en noir et blanc. Cliquez sur l\u2019image pour la voir enti\u00e8rement.<\/p>\n\n\n\n<figure class=\"wp-block-gallery has-nested-images columns-default is-cropped wp-block-gallery-2 is-layout-flex wp-block-gallery-is-layout-flex\">\n<figure class=\"wp-block-image size-large\"><a href=\"https:\/\/vincianelacroix.net\/portfolio\/wp-content\/uploads\/2025\/07\/IMG_0850.webp\"><img loading=\"lazy\" decoding=\"async\" width=\"960\" height=\"720\" data-id=\"366\" src=\"https:\/\/vincianelacroix.net\/portfolio\/wp-content\/uploads\/2025\/07\/IMG_0850.webp\" alt=\"\" class=\"wp-image-366\" srcset=\"https:\/\/vincianelacroix.net\/portfolio\/wp-content\/uploads\/2025\/07\/IMG_0850.webp 960w, https:\/\/vincianelacroix.net\/portfolio\/wp-content\/uploads\/2025\/07\/IMG_0850-300x225.webp 300w, https:\/\/vincianelacroix.net\/portfolio\/wp-content\/uploads\/2025\/07\/IMG_0850-768x576.webp 768w\" sizes=\"auto, (max-width: 960px) 100vw, 960px\" \/><\/a><\/figure>\n\n\n\n<figure class=\"wp-block-image size-large\"><a href=\"https:\/\/vincianelacroix.net\/portfolio\/wp-content\/uploads\/2025\/07\/IMG_0842.webp\"><img loading=\"lazy\" decoding=\"async\" width=\"720\" height=\"960\" data-id=\"365\" src=\"https:\/\/vincianelacroix.net\/portfolio\/wp-content\/uploads\/2025\/07\/IMG_0842.webp\" alt=\"\" class=\"wp-image-365\" srcset=\"https:\/\/vincianelacroix.net\/portfolio\/wp-content\/uploads\/2025\/07\/IMG_0842.webp 720w, https:\/\/vincianelacroix.net\/portfolio\/wp-content\/uploads\/2025\/07\/IMG_0842-225x300.webp 225w\" sizes=\"auto, (max-width: 720px) 100vw, 720px\" \/><\/a><\/figure>\n\n\n\n<figure class=\"wp-block-image size-large\"><a href=\"https:\/\/vincianelacroix.net\/portfolio\/wp-content\/uploads\/2025\/07\/IMG_0823.webp\"><img loading=\"lazy\" decoding=\"async\" width=\"720\" height=\"960\" data-id=\"364\" src=\"https:\/\/vincianelacroix.net\/portfolio\/wp-content\/uploads\/2025\/07\/IMG_0823.webp\" alt=\"\" class=\"wp-image-364\" srcset=\"https:\/\/vincianelacroix.net\/portfolio\/wp-content\/uploads\/2025\/07\/IMG_0823.webp 720w, https:\/\/vincianelacroix.net\/portfolio\/wp-content\/uploads\/2025\/07\/IMG_0823-225x300.webp 225w\" sizes=\"auto, (max-width: 720px) 100vw, 720px\" \/><\/a><\/figure>\n<figcaption class=\"blocks-gallery-caption wp-element-caption\">Paysages abstraits N&amp;B \u00e0 l&rsquo;acrylique, 2008 \u00a9Vinciane Lacroix<\/figcaption><\/figure>\n\n\n\n<p><\/p>\n","protected":false},"excerpt":{"rendered":"<p>Acrylique Voici quelques peintures \u00e0 l&rsquo;acrylique r\u00e9alis\u00e9es en 2007-2008. Cliquez sur l&rsquo;image pour la voir enti\u00e8rement. En 2008 j&rsquo;ai \u00e9galement [&hellip;]<\/p>\n","protected":false},"author":1,"featured_media":0,"parent":0,"menu_order":0,"comment_status":"closed","ping_status":"closed","template":"","meta":{"site-sidebar-layout":"default","site-content-layout":"","ast-site-content-layout":"default","site-content-style":"default","site-sidebar-style":"default","ast-global-header-display":"","ast-banner-title-visibility":"","ast-main-header-display":"","ast-hfb-above-header-display":"","ast-hfb-below-header-display":"","ast-hfb-mobile-header-display":"","site-post-title":"","ast-breadcrumbs-content":"","ast-featured-img":"","footer-sml-layout":"","ast-disable-related-posts":"","theme-transparent-header-meta":"","adv-header-id-meta":"","stick-header-meta":"","header-above-stick-meta":"","header-main-stick-meta":"","header-below-stick-meta":"","astra-migrate-meta-layouts":"default","ast-page-background-enabled":"default","ast-page-background-meta":{"desktop":{"background-color":"var(--ast-global-color-5)","background-image":"","background-repeat":"repeat","background-position":"center center","background-size":"auto","background-attachment":"scroll","background-type":"","background-media":"","overlay-type":"","overlay-color":"","overlay-opacity":"","overlay-gradient":""},"tablet":{"background-color":"","background-image":"","background-repeat":"repeat","background-position":"center center","background-size":"auto","background-attachment":"scroll","background-type":"","background-media":"","overlay-type":"","overlay-color":"","overlay-opacity":"","overlay-gradient":""},"mobile":{"background-color":"","background-image":"","background-repeat":"repeat","background-position":"center center","background-size":"auto","background-attachment":"scroll","background-type":"","background-media":"","overlay-type":"","overlay-color":"","overlay-opacity":"","overlay-gradient":""}},"ast-content-background-meta":{"desktop":{"background-color":"var(--ast-global-color-4)","background-image":"","background-repeat":"repeat","background-position":"center center","background-size":"auto","background-attachment":"scroll","background-type":"","background-media":"","overlay-type":"","overlay-color":"","overlay-opacity":"","overlay-gradient":""},"tablet":{"background-color":"var(--ast-global-color-4)","background-image":"","background-repeat":"repeat","background-position":"center center","background-size":"auto","background-attachment":"scroll","background-type":"","background-media":"","overlay-type":"","overlay-color":"","overlay-opacity":"","overlay-gradient":""},"mobile":{"background-color":"var(--ast-global-color-4)","background-image":"","background-repeat":"repeat","background-position":"center center","background-size":"auto","background-attachment":"scroll","background-type":"","background-media":"","overlay-type":"","overlay-color":"","overlay-opacity":"","overlay-gradient":""}},"footnotes":""},"class_list":["post-88","page","type-page","status-publish","hentry"],"_links":{"self":[{"href":"https:\/\/vincianelacroix.net\/portfolio\/wp-json\/wp\/v2\/pages\/88","targetHints":{"allow":["GET"]}}],"collection":[{"href":"https:\/\/vincianelacroix.net\/portfolio\/wp-json\/wp\/v2\/pages"}],"about":[{"href":"https:\/\/vincianelacroix.net\/portfolio\/wp-json\/wp\/v2\/types\/page"}],"author":[{"embeddable":true,"href":"https:\/\/vincianelacroix.net\/portfolio\/wp-json\/wp\/v2\/users\/1"}],"replies":[{"embeddable":true,"href":"https:\/\/vincianelacroix.net\/portfolio\/wp-json\/wp\/v2\/comments?post=88"}],"version-history":[{"count":10,"href":"https:\/\/vincianelacroix.net\/portfolio\/wp-json\/wp\/v2\/pages\/88\/revisions"}],"predecessor-version":[{"id":377,"href":"https:\/\/vincianelacroix.net\/portfolio\/wp-json\/wp\/v2\/pages\/88\/revisions\/377"}],"wp:attachment":[{"href":"https:\/\/vincianelacroix.net\/portfolio\/wp-json\/wp\/v2\/media?parent=88"}],"curies":[{"name":"wp","href":"https:\/\/api.w.org\/{rel}","templated":true}]}}