{"id":390,"date":"2025-07-10T09:58:07","date_gmt":"2025-07-10T07:58:07","guid":{"rendered":"https:\/\/vincianelacroix.net\/portfolio\/?page_id=390"},"modified":"2025-07-11T10:44:09","modified_gmt":"2025-07-11T08:44:09","slug":"techniques-mixtes","status":"publish","type":"page","link":"https:\/\/vincianelacroix.net\/portfolio\/fr\/techniques-mixtes\/","title":{"rendered":"Techniques mixtes"},"content":{"rendered":"\n<h3 class=\"wp-block-heading\"><a href=\"https:\/\/vincianelacroix.net\/portfolio\/fr\/techniques-mixtes-a-lencaustique\/\" data-type=\"page\" data-id=\"393\">Encaustique<\/a><\/h3>\n\n\n\n<p>La premi\u00e8re fois que j&rsquo;ai vu un artiste contemporain utiliser de l&rsquo;encaustique dans sa peinture, j&rsquo;ai \u00e9t\u00e9 \u00e9poustoufl\u00e9e ! Ces grandes toiles \u00e9taient l&rsquo;\u0153uvre de <a href=\"https:\/\/www.templon.com\/fr\/artistes\/philippe-cognee\/\" data-type=\"link\" data-id=\"https:\/\/www.templon.com\/fr\/artistes\/philippe-cognee\/\">Philippe Cogn\u00e9e<\/a>. J&rsquo;ai alors d\u00e9cid\u00e9 que je devais essayer! <\/p>\n\n\n\n<p>La cire ajoute une atmosph\u00e8re sp\u00e9cifique et une touche visuelle douce aux peintures. J&rsquo;ai eu la chance de rencontrer  <a href=\"https:\/\/janiseyntema.com\/\" data-type=\"link\" data-id=\"https:\/\/janiseyntema.com\/\">Janise Yntema<\/a> qui m&rsquo;a enseign\u00e9e les bases de la technique en quelques heures.<\/p>\n\n\n\n<p>Jettez un coup d&rsquo;oeil \u00e0 <a href=\"https:\/\/vincianelacroix.net\/portfolio\/fr\/techniques-mixtes-a-lencaustique\/\" data-type=\"page\" data-id=\"393\">cette galerie d&rsquo;\u0153uvres<\/a> r\u00e9alis\u00e9es en 2022.<\/p>\n\n\n\n<figure class=\"wp-block-image aligncenter size-large\"><img loading=\"lazy\" decoding=\"async\" width=\"1024\" height=\"726\" src=\"https:\/\/vincianelacroix.net\/portfolio\/wp-content\/uploads\/2025\/07\/FleursHortensia-1024x726.webp\" alt=\"\" class=\"wp-image-380\" srcset=\"https:\/\/vincianelacroix.net\/portfolio\/wp-content\/uploads\/2025\/07\/FleursHortensia-1024x726.webp 1024w, https:\/\/vincianelacroix.net\/portfolio\/wp-content\/uploads\/2025\/07\/FleursHortensia-300x213.webp 300w, https:\/\/vincianelacroix.net\/portfolio\/wp-content\/uploads\/2025\/07\/FleursHortensia-768x545.webp 768w, https:\/\/vincianelacroix.net\/portfolio\/wp-content\/uploads\/2025\/07\/FleursHortensia.webp 1200w\" sizes=\"auto, (max-width: 1024px) 100vw, 1024px\" \/><figcaption class=\"wp-element-caption\">Techniques mixtes \u00e0 l&rsquo;encaustique, 2022 \u00a9 Vinciane Lacroix<\/figcaption><\/figure>\n\n\n\n<h3 class=\"wp-block-heading\"><a href=\"https:\/\/vincianelacroix.net\/portfolio\/fr\/harmonie\/\" data-type=\"page\" data-id=\"438\">Harmonies color\u00e9es<\/a><\/h3>\n\n\n\n<p>Pour explorer des harmonies de couleurs, je suis partie d&rsquo;un mod\u00e8le g\u00e9om\u00e9trique simple, dont j&rsquo;ai peint les \u00e9l\u00e9ments \u00e0 la gouache. Pour leur donner du relief, j&rsquo;ai rajout\u00e9 des coutures en fil color\u00e9s. Cette simple touche a soudain transform\u00e9 visuellement la mati\u00e8re de la gouache. Jugez-en vous-m\u00eame en explorant <a href=\"https:\/\/vincianelacroix.net\/portfolio\/fr\/harmonie\/\" data-type=\"page\" data-id=\"438\">la galerie<\/a>.<\/p>\n\n\n\n<figure class=\"wp-block-image aligncenter size-large\"><img loading=\"lazy\" decoding=\"async\" width=\"1000\" height=\"1024\" src=\"https:\/\/vincianelacroix.net\/portfolio\/wp-content\/uploads\/2025\/07\/IMG_0304-1000x1024.webp\" alt=\"\" class=\"wp-image-430\" srcset=\"https:\/\/vincianelacroix.net\/portfolio\/wp-content\/uploads\/2025\/07\/IMG_0304-1000x1024.webp 1000w, https:\/\/vincianelacroix.net\/portfolio\/wp-content\/uploads\/2025\/07\/IMG_0304-293x300.webp 293w, https:\/\/vincianelacroix.net\/portfolio\/wp-content\/uploads\/2025\/07\/IMG_0304-768x787.webp 768w, https:\/\/vincianelacroix.net\/portfolio\/wp-content\/uploads\/2025\/07\/IMG_0304.webp 1200w\" sizes=\"auto, (max-width: 1000px) 100vw, 1000px\" \/><figcaption class=\"wp-element-caption\">Techniques mixtes, harmonie couleur 2019 \u00a9 Vinciane Lacroix <\/figcaption><\/figure>\n","protected":false},"excerpt":{"rendered":"<p>Encaustique La premi\u00e8re fois que j&rsquo;ai vu un artiste contemporain utiliser de l&rsquo;encaustique dans sa peinture, j&rsquo;ai \u00e9t\u00e9 \u00e9poustoufl\u00e9e ! [&hellip;]<\/p>\n","protected":false},"author":1,"featured_media":0,"parent":0,"menu_order":0,"comment_status":"closed","ping_status":"closed","template":"","meta":{"site-sidebar-layout":"default","site-content-layout":"","ast-site-content-layout":"default","site-content-style":"default","site-sidebar-style":"default","ast-global-header-display":"","ast-banner-title-visibility":"","ast-main-header-display":"","ast-hfb-above-header-display":"","ast-hfb-below-header-display":"","ast-hfb-mobile-header-display":"","site-post-title":"","ast-breadcrumbs-content":"","ast-featured-img":"","footer-sml-layout":"","ast-disable-related-posts":"","theme-transparent-header-meta":"","adv-header-id-meta":"","stick-header-meta":"","header-above-stick-meta":"","header-main-stick-meta":"","header-below-stick-meta":"","astra-migrate-meta-layouts":"default","ast-page-background-enabled":"default","ast-page-background-meta":{"desktop":{"background-color":"var(--ast-global-color-5)","background-image":"","background-repeat":"repeat","background-position":"center center","background-size":"auto","background-attachment":"scroll","background-type":"","background-media":"","overlay-type":"","overlay-color":"","overlay-opacity":"","overlay-gradient":""},"tablet":{"background-color":"","background-image":"","background-repeat":"repeat","background-position":"center center","background-size":"auto","background-attachment":"scroll","background-type":"","background-media":"","overlay-type":"","overlay-color":"","overlay-opacity":"","overlay-gradient":""},"mobile":{"background-color":"","background-image":"","background-repeat":"repeat","background-position":"center center","background-size":"auto","background-attachment":"scroll","background-type":"","background-media":"","overlay-type":"","overlay-color":"","overlay-opacity":"","overlay-gradient":""}},"ast-content-background-meta":{"desktop":{"background-color":"var(--ast-global-color-4)","background-image":"","background-repeat":"repeat","background-position":"center center","background-size":"auto","background-attachment":"scroll","background-type":"","background-media":"","overlay-type":"","overlay-color":"","overlay-opacity":"","overlay-gradient":""},"tablet":{"background-color":"var(--ast-global-color-4)","background-image":"","background-repeat":"repeat","background-position":"center center","background-size":"auto","background-attachment":"scroll","background-type":"","background-media":"","overlay-type":"","overlay-color":"","overlay-opacity":"","overlay-gradient":""},"mobile":{"background-color":"var(--ast-global-color-4)","background-image":"","background-repeat":"repeat","background-position":"center center","background-size":"auto","background-attachment":"scroll","background-type":"","background-media":"","overlay-type":"","overlay-color":"","overlay-opacity":"","overlay-gradient":""}},"footnotes":""},"class_list":["post-390","page","type-page","status-publish","hentry"],"_links":{"self":[{"href":"https:\/\/vincianelacroix.net\/portfolio\/wp-json\/wp\/v2\/pages\/390","targetHints":{"allow":["GET"]}}],"collection":[{"href":"https:\/\/vincianelacroix.net\/portfolio\/wp-json\/wp\/v2\/pages"}],"about":[{"href":"https:\/\/vincianelacroix.net\/portfolio\/wp-json\/wp\/v2\/types\/page"}],"author":[{"embeddable":true,"href":"https:\/\/vincianelacroix.net\/portfolio\/wp-json\/wp\/v2\/users\/1"}],"replies":[{"embeddable":true,"href":"https:\/\/vincianelacroix.net\/portfolio\/wp-json\/wp\/v2\/comments?post=390"}],"version-history":[{"count":9,"href":"https:\/\/vincianelacroix.net\/portfolio\/wp-json\/wp\/v2\/pages\/390\/revisions"}],"predecessor-version":[{"id":452,"href":"https:\/\/vincianelacroix.net\/portfolio\/wp-json\/wp\/v2\/pages\/390\/revisions\/452"}],"wp:attachment":[{"href":"https:\/\/vincianelacroix.net\/portfolio\/wp-json\/wp\/v2\/media?parent=390"}],"curies":[{"name":"wp","href":"https:\/\/api.w.org\/{rel}","templated":true}]}}