{"id":161,"date":"2025-07-07T11:10:31","date_gmt":"2025-07-07T09:10:31","guid":{"rendered":"https:\/\/vincianelacroix.net\/portfolio\/?page_id=161"},"modified":"2025-07-08T17:08:31","modified_gmt":"2025-07-08T15:08:31","slug":"vegetal-2","status":"publish","type":"page","link":"https:\/\/vincianelacroix.net\/portfolio\/fr\/vegetal-2\/","title":{"rendered":"V\u00e9G\u00e9Tal"},"content":{"rendered":"\n<div class=\"wp-block-media-text has-media-on-the-right is-stacked-on-mobile\"><div class=\"wp-block-media-text__content\">\n<p>L&rsquo;exposition V\u00e9G\u00e9Tal r\u00e9unit une communaut\u00e9 internationale d&rsquo;artistes autour d&rsquo;un th\u00e8me qui, s&rsquo;il a toujours s\u00e9duit l&rsquo;homme, s&rsquo;est vu transform\u00e9 ces derni\u00e8res ann\u00e9es par la biotechnologie, o\ufb00rant de nouvelles possibi- lit\u00e9s aux cr\u00e9ateurs, r\u00e9pondant ainsi par la m\u00eame occasion aux d\u00e9fis envi- ronnementaux de notre \u00e9poque: des mat\u00e9riaux biod\u00e9gradables, un processus de fabrication peu exigeant au niveau \u00e9nerg\u00e9tique et une implantation d\u00e9centralis\u00e9e.<\/p>\n\n\n\n<p>R\u00e9unissant des dessins, peintures, photographies, sculptures, installations, cr\u00e9ations textiles et design, l&rsquo;exposition accueillie par la FondationBourgine o\ufb00re un regard tant\u00f4t \u00e9merveill\u00e9 et optimiste, tant\u00f4t po\u00e9tique et<br>ludique sur le monde v\u00e9g\u00e9tal. Orchestr\u00e9 par une \u00e9quipe dirig\u00e9e par l\u2019anthropologue Gabriel Karp et l&rsquo;historienne d&rsquo;art Sarah Bloementhal qui accompagne la Fondation Bourgine depuis sa cr\u00e9ation en 2040, le projet s\u2019articule autour d&rsquo;artistesqui ont toujours entretenu un lien particulier avec le monde v\u00e9g\u00e9tal.<\/p>\n\n\n\n<p>Les 7 artistes qui ont \u00e9t\u00e9 choisis pour ce parcours viennent d&rsquo;Europe, d&rsquo;Am\u00e9rique latine ou encore d&rsquo;Asie.<\/p>\n<\/div><figure class=\"wp-block-media-text__media\"><img loading=\"lazy\" decoding=\"async\" width=\"768\" height=\"1024\" src=\"https:\/\/vincianelacroix.net\/portfolio\/wp-content\/uploads\/2025\/07\/Affiche_V\u00e9g\u00e9tal-768x1024.webp\" alt=\"\" class=\"wp-image-267 size-full\" srcset=\"https:\/\/vincianelacroix.net\/portfolio\/wp-content\/uploads\/2025\/07\/Affiche_V\u00e9g\u00e9tal-768x1024.webp 768w, https:\/\/vincianelacroix.net\/portfolio\/wp-content\/uploads\/2025\/07\/Affiche_V\u00e9g\u00e9tal-225x300.webp 225w, https:\/\/vincianelacroix.net\/portfolio\/wp-content\/uploads\/2025\/07\/Affiche_V\u00e9g\u00e9tal-1152x1536.webp 1152w, https:\/\/vincianelacroix.net\/portfolio\/wp-content\/uploads\/2025\/07\/Affiche_V\u00e9g\u00e9tal.webp 1200w\" sizes=\"auto, (max-width: 768px) 100vw, 768px\" \/><\/figure><\/div>\n\n\n\n<div style=\"height:100px\" aria-hidden=\"true\" class=\"wp-block-spacer\"><\/div>\n\n\n\n<figure class=\"wp-block-gallery aligncenter has-nested-images columns-default is-cropped wp-block-gallery-1 is-layout-flex wp-block-gallery-is-layout-flex\">\n<figure class=\"wp-block-image size-large\"><a href=\"https:\/\/vincianelacroix.net\/portfolio\/wp-content\/uploads\/2025\/07\/chissa_Testsis_sym.webp\"><img loading=\"lazy\" decoding=\"async\" width=\"1024\" height=\"768\" data-id=\"276\" src=\"https:\/\/vincianelacroix.net\/portfolio\/wp-content\/uploads\/2025\/07\/chissa_Testsis_sym-1024x768.webp\" alt=\"\" class=\"wp-image-276\" srcset=\"https:\/\/vincianelacroix.net\/portfolio\/wp-content\/uploads\/2025\/07\/chissa_Testsis_sym-1024x768.webp 1024w, https:\/\/vincianelacroix.net\/portfolio\/wp-content\/uploads\/2025\/07\/chissa_Testsis_sym-300x225.webp 300w, https:\/\/vincianelacroix.net\/portfolio\/wp-content\/uploads\/2025\/07\/chissa_Testsis_sym-768x576.webp 768w, https:\/\/vincianelacroix.net\/portfolio\/wp-content\/uploads\/2025\/07\/chissa_Testsis_sym.webp 1200w\" sizes=\"auto, (max-width: 1024px) 100vw, 1024px\" \/><\/a><figcaption class=\"wp-element-caption\"><br>Photographie de Chrissa Tetsis.<\/figcaption><\/figure>\n\n\n\n<figure class=\"wp-block-image size-large\"><a href=\"https:\/\/vincianelacroix.net\/portfolio\/wp-content\/uploads\/2025\/07\/Sylvain_Althaus2.webp\"><img loading=\"lazy\" decoding=\"async\" width=\"1024\" height=\"768\" data-id=\"275\" src=\"https:\/\/vincianelacroix.net\/portfolio\/wp-content\/uploads\/2025\/07\/Sylvain_Althaus2-1024x768.webp\" alt=\"\" class=\"wp-image-275\" srcset=\"https:\/\/vincianelacroix.net\/portfolio\/wp-content\/uploads\/2025\/07\/Sylvain_Althaus2-1024x768.webp 1024w, https:\/\/vincianelacroix.net\/portfolio\/wp-content\/uploads\/2025\/07\/Sylvain_Althaus2-300x225.webp 300w, https:\/\/vincianelacroix.net\/portfolio\/wp-content\/uploads\/2025\/07\/Sylvain_Althaus2-768x576.webp 768w, https:\/\/vincianelacroix.net\/portfolio\/wp-content\/uploads\/2025\/07\/Sylvain_Althaus2.webp 1200w\" sizes=\"auto, (max-width: 1024px) 100vw, 1024px\" \/><\/a><figcaption class=\"wp-element-caption\">Mobile de Sylvain Althaus.<\/figcaption><\/figure>\n\n\n\n<figure class=\"wp-block-image size-large\"><a href=\"https:\/\/vincianelacroix.net\/portfolio\/wp-content\/uploads\/2025\/07\/Sylvain_Althaus.webp\"><img loading=\"lazy\" decoding=\"async\" width=\"1024\" height=\"768\" data-id=\"274\" src=\"https:\/\/vincianelacroix.net\/portfolio\/wp-content\/uploads\/2025\/07\/Sylvain_Althaus-1024x768.webp\" alt=\"\" class=\"wp-image-274\" srcset=\"https:\/\/vincianelacroix.net\/portfolio\/wp-content\/uploads\/2025\/07\/Sylvain_Althaus-1024x768.webp 1024w, https:\/\/vincianelacroix.net\/portfolio\/wp-content\/uploads\/2025\/07\/Sylvain_Althaus-300x225.webp 300w, https:\/\/vincianelacroix.net\/portfolio\/wp-content\/uploads\/2025\/07\/Sylvain_Althaus-768x576.webp 768w, https:\/\/vincianelacroix.net\/portfolio\/wp-content\/uploads\/2025\/07\/Sylvain_Althaus.webp 1200w\" sizes=\"auto, (max-width: 1024px) 100vw, 1024px\" \/><\/a><figcaption class=\"wp-element-caption\"><br>Double mobile de Sylvain Althaus.<\/figcaption><\/figure>\n\n\n\n<figure class=\"wp-block-image size-large\"><a href=\"https:\/\/vincianelacroix.net\/portfolio\/wp-content\/uploads\/2025\/07\/Oswaldo_Cobena2 copie.webp\"><img loading=\"lazy\" decoding=\"async\" width=\"768\" height=\"1024\" data-id=\"273\" src=\"https:\/\/vincianelacroix.net\/portfolio\/wp-content\/uploads\/2025\/07\/Oswaldo_Cobena2 copie-768x1024.webp\" alt=\"\" class=\"wp-image-273\" srcset=\"https:\/\/vincianelacroix.net\/portfolio\/wp-content\/uploads\/2025\/07\/Oswaldo_Cobena2%20copie-768x1024.webp 768w, https:\/\/vincianelacroix.net\/portfolio\/wp-content\/uploads\/2025\/07\/Oswaldo_Cobena2%20copie-225x300.webp 225w, https:\/\/vincianelacroix.net\/portfolio\/wp-content\/uploads\/2025\/07\/Oswaldo_Cobena2%20copie-1152x1536.webp 1152w, https:\/\/vincianelacroix.net\/portfolio\/wp-content\/uploads\/2025\/07\/Oswaldo_Cobena2%20copie.webp 1200w\" sizes=\"auto, (max-width: 768px) 100vw, 768px\" \/><\/a><figcaption class=\"wp-element-caption\"><br>COVID 19 d&rsquo;Oswaldo Coba\u00f1a<\/figcaption><\/figure>\n\n\n\n<figure class=\"wp-block-image size-large\"><a href=\"https:\/\/vincianelacroix.net\/portfolio\/wp-content\/uploads\/2025\/07\/Oswaldo_Cobena.webp\"><img loading=\"lazy\" decoding=\"async\" width=\"768\" height=\"1024\" data-id=\"272\" src=\"https:\/\/vincianelacroix.net\/portfolio\/wp-content\/uploads\/2025\/07\/Oswaldo_Cobena-768x1024.webp\" alt=\"\" class=\"wp-image-272\" srcset=\"https:\/\/vincianelacroix.net\/portfolio\/wp-content\/uploads\/2025\/07\/Oswaldo_Cobena-768x1024.webp 768w, https:\/\/vincianelacroix.net\/portfolio\/wp-content\/uploads\/2025\/07\/Oswaldo_Cobena-225x300.webp 225w, https:\/\/vincianelacroix.net\/portfolio\/wp-content\/uploads\/2025\/07\/Oswaldo_Cobena-1152x1536.webp 1152w, https:\/\/vincianelacroix.net\/portfolio\/wp-content\/uploads\/2025\/07\/Oswaldo_Cobena.webp 1200w\" sizes=\"auto, (max-width: 768px) 100vw, 768px\" \/><\/a><figcaption class=\"wp-element-caption\"><br>Le troupeau d&rsquo;Oswaldo Coba\u00f1a<\/figcaption><\/figure>\n\n\n\n<figure class=\"wp-block-image size-large\"><a href=\"https:\/\/vincianelacroix.net\/portfolio\/wp-content\/uploads\/2025\/07\/Marc_Pinaigrier.webp\"><img loading=\"lazy\" decoding=\"async\" width=\"1024\" height=\"768\" data-id=\"270\" src=\"https:\/\/vincianelacroix.net\/portfolio\/wp-content\/uploads\/2025\/07\/Marc_Pinaigrier-1024x768.webp\" alt=\"\" class=\"wp-image-270\" srcset=\"https:\/\/vincianelacroix.net\/portfolio\/wp-content\/uploads\/2025\/07\/Marc_Pinaigrier-1024x768.webp 1024w, https:\/\/vincianelacroix.net\/portfolio\/wp-content\/uploads\/2025\/07\/Marc_Pinaigrier-300x225.webp 300w, https:\/\/vincianelacroix.net\/portfolio\/wp-content\/uploads\/2025\/07\/Marc_Pinaigrier-768x576.webp 768w, https:\/\/vincianelacroix.net\/portfolio\/wp-content\/uploads\/2025\/07\/Marc_Pinaigrier.webp 1200w\" sizes=\"auto, (max-width: 1024px) 100vw, 1024px\" \/><\/a><figcaption class=\"wp-element-caption\"><br>Les vitraux contemporains de Marc Pinaigrier.<\/figcaption><\/figure>\n\n\n\n<figure class=\"wp-block-image size-large\"><a href=\"https:\/\/vincianelacroix.net\/portfolio\/wp-content\/uploads\/2025\/07\/Lin_Xiuwen.webp\"><img loading=\"lazy\" decoding=\"async\" width=\"1024\" height=\"567\" data-id=\"269\" src=\"https:\/\/vincianelacroix.net\/portfolio\/wp-content\/uploads\/2025\/07\/Lin_Xiuwen-1024x567.webp\" alt=\"\" class=\"wp-image-269\" srcset=\"https:\/\/vincianelacroix.net\/portfolio\/wp-content\/uploads\/2025\/07\/Lin_Xiuwen-1024x567.webp 1024w, https:\/\/vincianelacroix.net\/portfolio\/wp-content\/uploads\/2025\/07\/Lin_Xiuwen-300x166.webp 300w, https:\/\/vincianelacroix.net\/portfolio\/wp-content\/uploads\/2025\/07\/Lin_Xiuwen-768x425.webp 768w, https:\/\/vincianelacroix.net\/portfolio\/wp-content\/uploads\/2025\/07\/Lin_Xiuwen.webp 1200w\" sizes=\"auto, (max-width: 1024px) 100vw, 1024px\" \/><\/a><figcaption class=\"wp-element-caption\"><br>Lin Xiuwen, \u00ab\u00a0Bouleau, va dire au monde combien je te<br>trouve beau\u00a0\u00bb<\/figcaption><\/figure>\n\n\n\n<figure class=\"wp-block-image size-large\"><a href=\"https:\/\/vincianelacroix.net\/portfolio\/wp-content\/uploads\/2025\/07\/Koji_Kawakubo.webp\"><img loading=\"lazy\" decoding=\"async\" width=\"1024\" height=\"811\" data-id=\"268\" src=\"https:\/\/vincianelacroix.net\/portfolio\/wp-content\/uploads\/2025\/07\/Koji_Kawakubo-1024x811.webp\" alt=\"\" class=\"wp-image-268\" srcset=\"https:\/\/vincianelacroix.net\/portfolio\/wp-content\/uploads\/2025\/07\/Koji_Kawakubo-1024x811.webp 1024w, https:\/\/vincianelacroix.net\/portfolio\/wp-content\/uploads\/2025\/07\/Koji_Kawakubo-300x238.webp 300w, https:\/\/vincianelacroix.net\/portfolio\/wp-content\/uploads\/2025\/07\/Koji_Kawakubo-768x608.webp 768w, https:\/\/vincianelacroix.net\/portfolio\/wp-content\/uploads\/2025\/07\/Koji_Kawakubo.webp 1200w\" sizes=\"auto, (max-width: 1024px) 100vw, 1024px\" \/><\/a><figcaption class=\"wp-element-caption\"><br>Sur le mur du fond, la cape <strong>Poppy<\/strong> de Koji Kawakubo. \u00c0 l&rsquo;avant-plan,<br>deux porte-manteaux sculptures <strong>Twig.<\/strong><\/figcaption><\/figure>\n<figcaption class=\"blocks-gallery-caption wp-element-caption\"><em>\u0152uvres pr\u00e9sent\u00e9es \u00e0 la Fondation Bourgine dans le cadre de V\u00e9G\u00e9Tal<\/em><\/figcaption><\/figure>\n\n\n\n<p>La plasticienne belge Mary Lacroix (n\u00e9e en 2025) est la plus jeune artiste accueillie en r\u00e9sidence \u00e0 la Fondation Bourgine; c&rsquo;est dans le jardin de la fondation, suivant quotidiennement l&rsquo;\u00e9volution de la v\u00e9g\u00e9tation, que l&rsquo;artiste a puis\u00e9 l&rsquo;essence de son travail.<\/p>\n\n\n\n<figure class=\"wp-block-image aligncenter size-large is-resized\"><img loading=\"lazy\" decoding=\"async\" width=\"1024\" height=\"946\" src=\"https:\/\/vincianelacroix.net\/portfolio\/wp-content\/uploads\/2025\/07\/Mary_Lacroix-1024x946.webp\" alt=\"\" class=\"wp-image-271\" style=\"width:1024px;height:auto\" srcset=\"https:\/\/vincianelacroix.net\/portfolio\/wp-content\/uploads\/2025\/07\/Mary_Lacroix-1024x946.webp 1024w, https:\/\/vincianelacroix.net\/portfolio\/wp-content\/uploads\/2025\/07\/Mary_Lacroix-300x277.webp 300w, https:\/\/vincianelacroix.net\/portfolio\/wp-content\/uploads\/2025\/07\/Mary_Lacroix-768x710.webp 768w, https:\/\/vincianelacroix.net\/portfolio\/wp-content\/uploads\/2025\/07\/Mary_Lacroix.webp 1200w\" sizes=\"auto, (max-width: 1024px) 100vw, 1024px\" \/><figcaption class=\"wp-element-caption\"><em>Variations chaudes et froides de Mary Lacroix<\/em><br><br><\/figcaption><\/figure>\n\n\n\n<p>N&rsquo;h\u00e9sitez pas \u00e0 me <a href=\"https:\/\/vincianelacroix.net\/portfolio\/fr\/contact-2\/\" data-type=\"page\" data-id=\"108\">contacter <\/a>si vous souhaitez le guide complet du visiteur de cette exposition.<\/p>\n","protected":false},"excerpt":{"rendered":"<p>L&rsquo;exposition V\u00e9G\u00e9Tal r\u00e9unit une communaut\u00e9 internationale d&rsquo;artistes autour d&rsquo;un th\u00e8me qui, s&rsquo;il a toujours s\u00e9duit l&rsquo;homme, s&rsquo;est vu transform\u00e9 ces [&hellip;]<\/p>\n","protected":false},"author":1,"featured_media":0,"parent":0,"menu_order":0,"comment_status":"closed","ping_status":"closed","template":"","meta":{"site-sidebar-layout":"default","site-content-layout":"","ast-site-content-layout":"default","site-content-style":"default","site-sidebar-style":"default","ast-global-header-display":"","ast-banner-title-visibility":"","ast-main-header-display":"","ast-hfb-above-header-display":"","ast-hfb-below-header-display":"","ast-hfb-mobile-header-display":"","site-post-title":"","ast-breadcrumbs-content":"","ast-featured-img":"","footer-sml-layout":"","ast-disable-related-posts":"","theme-transparent-header-meta":"","adv-header-id-meta":"","stick-header-meta":"","header-above-stick-meta":"","header-main-stick-meta":"","header-below-stick-meta":"","astra-migrate-meta-layouts":"default","ast-page-background-enabled":"default","ast-page-background-meta":{"desktop":{"background-color":"var(--ast-global-color-5)","background-image":"","background-repeat":"repeat","background-position":"center center","background-size":"auto","background-attachment":"scroll","background-type":"","background-media":"","overlay-type":"","overlay-color":"","overlay-opacity":"","overlay-gradient":""},"tablet":{"background-color":"","background-image":"","background-repeat":"repeat","background-position":"center center","background-size":"auto","background-attachment":"scroll","background-type":"","background-media":"","overlay-type":"","overlay-color":"","overlay-opacity":"","overlay-gradient":""},"mobile":{"background-color":"","background-image":"","background-repeat":"repeat","background-position":"center center","background-size":"auto","background-attachment":"scroll","background-type":"","background-media":"","overlay-type":"","overlay-color":"","overlay-opacity":"","overlay-gradient":""}},"ast-content-background-meta":{"desktop":{"background-color":"var(--ast-global-color-4)","background-image":"","background-repeat":"repeat","background-position":"center center","background-size":"auto","background-attachment":"scroll","background-type":"","background-media":"","overlay-type":"","overlay-color":"","overlay-opacity":"","overlay-gradient":""},"tablet":{"background-color":"var(--ast-global-color-4)","background-image":"","background-repeat":"repeat","background-position":"center center","background-size":"auto","background-attachment":"scroll","background-type":"","background-media":"","overlay-type":"","overlay-color":"","overlay-opacity":"","overlay-gradient":""},"mobile":{"background-color":"var(--ast-global-color-4)","background-image":"","background-repeat":"repeat","background-position":"center center","background-size":"auto","background-attachment":"scroll","background-type":"","background-media":"","overlay-type":"","overlay-color":"","overlay-opacity":"","overlay-gradient":""}},"footnotes":""},"class_list":["post-161","page","type-page","status-publish","hentry"],"_links":{"self":[{"href":"https:\/\/vincianelacroix.net\/portfolio\/wp-json\/wp\/v2\/pages\/161","targetHints":{"allow":["GET"]}}],"collection":[{"href":"https:\/\/vincianelacroix.net\/portfolio\/wp-json\/wp\/v2\/pages"}],"about":[{"href":"https:\/\/vincianelacroix.net\/portfolio\/wp-json\/wp\/v2\/types\/page"}],"author":[{"embeddable":true,"href":"https:\/\/vincianelacroix.net\/portfolio\/wp-json\/wp\/v2\/users\/1"}],"replies":[{"embeddable":true,"href":"https:\/\/vincianelacroix.net\/portfolio\/wp-json\/wp\/v2\/comments?post=161"}],"version-history":[{"count":8,"href":"https:\/\/vincianelacroix.net\/portfolio\/wp-json\/wp\/v2\/pages\/161\/revisions"}],"predecessor-version":[{"id":319,"href":"https:\/\/vincianelacroix.net\/portfolio\/wp-json\/wp\/v2\/pages\/161\/revisions\/319"}],"wp:attachment":[{"href":"https:\/\/vincianelacroix.net\/portfolio\/wp-json\/wp\/v2\/media?parent=161"}],"curies":[{"name":"wp","href":"https:\/\/api.w.org\/{rel}","templated":true}]}}